{"id":15,"date":"2018-11-15T07:47:13","date_gmt":"2018-11-15T06:47:13","guid":{"rendered":"http:\/\/nowa.uniquetools.pl\/?page_id=15"},"modified":"2021-02-10T07:32:28","modified_gmt":"2021-02-10T06:32:28","slug":"strona-glowna","status":"publish","type":"page","link":"https:\/\/uniquetools.pl\/en\/","title":{"rendered":"Main page"},"content":{"rendered":"<div class=\"wp-block-media-text is-stacked-on-mobile\"><figure class=\"wp-block-media-text__media\"><img fetchpriority=\"high\" decoding=\"async\" width=\"575\" height=\"383\" src=\"http:\/\/nowa.uniquetools.pl\/wp-content\/uploads\/2018\/11\/288247085.jpg\" alt=\"\" class=\"wp-image-38 size-full\" srcset=\"https:\/\/uniquetools.pl\/wp-content\/uploads\/2018\/11\/288247085.jpg 575w, https:\/\/uniquetools.pl\/wp-content\/uploads\/2018\/11\/288247085-300x200.jpg 300w, https:\/\/uniquetools.pl\/wp-content\/uploads\/2018\/11\/288247085-360x240.jpg 360w\" sizes=\"(max-width: 575px) 100vw, 575px\" \/><\/figure><div class=\"wp-block-media-text__content\">\n<p><strong>Unique Tools<\/strong> is a dynamically developing company specializing in producing the highest quality cutting tools. We design, manufacture and supply standard cutting tools and those specifically designed for the demanding projects of our customers.<\/p>\n\n\n\n<p>&nbsp;<\/p>\n<\/div><\/div>\n\n\n\n<div style=\"height:50px\" aria-hidden=\"true\" class=\"wp-block-spacer\"><\/div>\n\n\n\n<div class=\"wp-block-media-text has-media-on-the-right is-stacked-on-mobile\"><figure class=\"wp-block-media-text__media\"><img decoding=\"async\" width=\"575\" height=\"383\" src=\"http:\/\/nowa.uniquetools.pl\/wp-content\/uploads\/2018\/11\/105088079.jpg\" alt=\"\" class=\"wp-image-34 size-full\" srcset=\"https:\/\/uniquetools.pl\/wp-content\/uploads\/2018\/11\/105088079.jpg 575w, https:\/\/uniquetools.pl\/wp-content\/uploads\/2018\/11\/105088079-300x200.jpg 300w, https:\/\/uniquetools.pl\/wp-content\/uploads\/2018\/11\/105088079-360x240.jpg 360w\" sizes=\"(max-width: 575px) 100vw, 575px\" \/><\/figure><div class=\"wp-block-media-text__content\">\n<p class=\"has-text-align-right\"><strong>Our work<\/strong> is a continuous development. In this way we can support the production of the largest manufacturing companies in the field of cutting tools.<\/p>\n\n\n\n<p>&nbsp;<\/p>\n<\/div><\/div>\n\n\n\n<div style=\"height:50px\" aria-hidden=\"true\" class=\"wp-block-spacer\"><\/div>\n\n\n\n<div class=\"wp-block-media-text is-stacked-on-mobile\"><figure class=\"wp-block-media-text__media\"><img decoding=\"async\" width=\"800\" height=\"534\" src=\"http:\/\/nowa.uniquetools.pl\/wp-content\/uploads\/2018\/11\/44958549.jpg\" alt=\"\" class=\"wp-image-33 size-full\" srcset=\"https:\/\/uniquetools.pl\/wp-content\/uploads\/2018\/11\/44958549.jpg 800w, https:\/\/uniquetools.pl\/wp-content\/uploads\/2018\/11\/44958549-300x200.jpg 300w, https:\/\/uniquetools.pl\/wp-content\/uploads\/2018\/11\/44958549-768x513.jpg 768w, https:\/\/uniquetools.pl\/wp-content\/uploads\/2018\/11\/44958549-360x240.jpg 360w, https:\/\/uniquetools.pl\/wp-content\/uploads\/2018\/11\/44958549-600x401.jpg 600w\" sizes=\"(max-width: 800px) 100vw, 800px\" \/><\/figure><div class=\"wp-block-media-text__content\">\n<p><strong>The most important element<\/strong> of our company are highly qualified and committed to the development specialists. For our engineers it has become a passion to strive for perfection, so our customers are entrusting us with new and more challenging tasks. Their professionalism and experience make that Unique Tools is a unique company and a great business partner.<\/p>\n\n\n\n<p>&nbsp;<\/p>\n<\/div><\/div>\n\n\n\n<div style=\"height:50px\" aria-hidden=\"true\" class=\"wp-block-spacer\"><\/div>\n\n\n\n<div class=\"wp-block-media-text has-media-on-the-right is-stacked-on-mobile\"><figure class=\"wp-block-media-text__media\"><img loading=\"lazy\" decoding=\"async\" width=\"800\" height=\"532\" src=\"http:\/\/nowa.uniquetools.pl\/wp-content\/uploads\/2018\/11\/10460150.jpg\" alt=\"\" class=\"wp-image-32 size-full\" srcset=\"https:\/\/uniquetools.pl\/wp-content\/uploads\/2018\/11\/10460150.jpg 800w, https:\/\/uniquetools.pl\/wp-content\/uploads\/2018\/11\/10460150-300x200.jpg 300w, https:\/\/uniquetools.pl\/wp-content\/uploads\/2018\/11\/10460150-768x511.jpg 768w, https:\/\/uniquetools.pl\/wp-content\/uploads\/2018\/11\/10460150-360x240.jpg 360w, https:\/\/uniquetools.pl\/wp-content\/uploads\/2018\/11\/10460150-600x399.jpg 600w\" sizes=\"(max-width: 800px) 100vw, 800px\" \/><\/figure><div class=\"wp-block-media-text__content\">\n<p class=\"has-text-align-right\"><strong>We are characterized <\/strong>by the highest quality and the highest level of technology thanks to advanced machine park.<\/p>\n\n\n\n<p>&nbsp;<\/p>\n<\/div><\/div>\n\n\n\n<div style=\"height:50px\" aria-hidden=\"true\" class=\"wp-block-spacer\"><\/div>\n\n\n\n<h4 class=\"has-text-align-center wp-block-heading\">From our history<\/h4>\n\n\n\n<div style=\"height:50px\" aria-hidden=\"true\" class=\"wp-block-spacer\"><\/div>\n\n\n\n<div class=\"wp-block-image\"><figure class=\"aligncenter size-large\"><img loading=\"lazy\" decoding=\"async\" width=\"1024\" height=\"526\" src=\"https:\/\/uniquetools.pl\/wp-content\/uploads\/hist_EN.jpg\" alt=\"\" class=\"wp-image-16091\" srcset=\"https:\/\/uniquetools.pl\/wp-content\/uploads\/hist_EN.jpg 1360w, https:\/\/uniquetools.pl\/wp-content\/uploads\/hist_EN-300x154.jpg 300w, https:\/\/uniquetools.pl\/wp-content\/uploads\/hist_EN-1024x526.jpg 1024w, https:\/\/uniquetools.pl\/wp-content\/uploads\/hist_EN-768x394.jpg 768w, https:\/\/uniquetools.pl\/wp-content\/uploads\/hist_EN-16x8.jpg 16w, https:\/\/uniquetools.pl\/wp-content\/uploads\/hist_EN-600x308.jpg 600w\" sizes=\"(max-width: 1024px) 100vw, 1024px\" \/><\/figure><\/div>\n\n\n\n<div style=\"height:50px\" aria-hidden=\"true\" class=\"wp-block-spacer\"><\/div>\n\n\n\n<h4 class=\"has-text-align-center wp-block-heading\">What matters for us?<\/h4>\n\n\n\n<div style=\"height:50px\" aria-hidden=\"true\" class=\"wp-block-spacer\"><\/div>\n\n\n\n<div class=\"wp-block-columns has-4-columns myico is-layout-flex wp-container-core-columns-is-layout-28f84493 wp-block-columns-is-layout-flex\">\n<div class=\"wp-block-column is-layout-flow wp-block-column-is-layout-flow\">\n<i class=\"flaticon-goal\"><\/i>\n\n\n\n<div style=\"height:50px\" aria-hidden=\"true\" class=\"wp-block-spacer\"><\/div>\n\n\n\n<h4 class=\"wp-block-heading\">Goal<\/h4>\n\n\n\n<p>\n\nWe are constantly raising the crossbar exceeding the borders. The best things DO NOT happen by accident.\n\n<\/p>\n<\/div>\n\n\n\n<div class=\"wp-block-column is-layout-flow wp-block-column-is-layout-flow\">\n<i class=\"flaticon-innovation\"><\/i>\n\n\n\n<div style=\"height:50px\" aria-hidden=\"true\" class=\"wp-block-spacer\"><\/div>\n\n\n\n<h4 class=\"wp-block-heading\">Technology<\/h4>\n\n\n\n<p>\n\nWe have cutting-edge technologies of machining and high quality measurement devices.\n\n<\/p>\n<\/div>\n\n\n\n<div class=\"wp-block-column is-layout-flow wp-block-column-is-layout-flow\">\n<i class=\"flaticon-caliper-2\"><\/i>\n\n\n\n<div style=\"height:50px\" aria-hidden=\"true\" class=\"wp-block-spacer\"><\/div>\n\n\n\n<h4 class=\"wp-block-heading\">Craftsmanship<\/h4>\n\n\n\n<p>\n\nOur hallmarks are reliability and precision. We guarantee our customers high quality service.\n\n<\/p>\n<\/div>\n\n\n\n<div class=\"wp-block-column is-layout-flow wp-block-column-is-layout-flow\">\n<i class=\"flaticon-brainstorm\"><\/i>\n\n\n\n<div style=\"height:50px\" aria-hidden=\"true\" class=\"wp-block-spacer\"><\/div>\n\n\n\n<h4 class=\"wp-block-heading\">Creativity<\/h4>\n\n\n\n<p>\n\nReady made - solutions? It's not for us!\nOur potential is mainly created by people.\n\n<\/p>\n<\/div>\n<\/div>\n\n\n\n<div style=\"height:50px\" aria-hidden=\"true\" class=\"wp-block-spacer\"><\/div>\n\n\n\n<figure class=\"wp-block-video aligncenter\"><video height=\"1044\" style=\"aspect-ratio: 1920 \/ 1044;\" width=\"1920\" controls src=\"http:\/\/uniquetools.pl\/wp-content\/uploads\/film.mp4\"><\/video><\/figure>\n\n\n\n<div style=\"height:50px\" aria-hidden=\"true\" class=\"wp-block-spacer\"><\/div>\n\n\n\n<link rel=\"stylesheet\" type=\"text\/css\" href=\"http:\/\/uniquetools.pl\/wp-content\/uploads\/myico\/flaticon.css\">","protected":false},"excerpt":{"rendered":"<p>Unique Tools to dynamicznie rozwijaj\u0105ca si\u0119 firma specjalizuj\u0105ca si\u0119 w produkcji najwy\u017cszej jako\u015bci narz\u0119dzi skrawaj\u0105cych. Projektujemy, produkujemy i dostarczamy standardowe narz\u0119dzia skrawaj\u0105ce oraz te, stworzone specjalnie z my\u015bl\u0105 o wymagaj\u0105cych projektach naszych klient\u00f3w. &nbsp; Nasza praca to ci\u0105g\u0142y rozw\u00f3j. W ten spos\u00f3b mo\u017cemy wesprze\u0107 produkcj\u0119 najwi\u0119kszych firm produkcyjnych w zakresie [&hellip;]<\/p>\n","protected":false},"author":4,"featured_media":0,"parent":0,"menu_order":0,"comment_status":"closed","ping_status":"closed","template":"","meta":{"_monsterinsights_skip_tracking":false,"_monsterinsights_sitenote_active":false,"_monsterinsights_sitenote_note":"","_monsterinsights_sitenote_category":0,"footnotes":""},"class_list":["post-15","page","type-page","status-publish","hentry"],"aioseo_notices":[],"_links":{"self":[{"href":"https:\/\/uniquetools.pl\/en\/wp-json\/wp\/v2\/pages\/15","targetHints":{"allow":["GET"]}}],"collection":[{"href":"https:\/\/uniquetools.pl\/en\/wp-json\/wp\/v2\/pages"}],"about":[{"href":"https:\/\/uniquetools.pl\/en\/wp-json\/wp\/v2\/types\/page"}],"author":[{"embeddable":true,"href":"https:\/\/uniquetools.pl\/en\/wp-json\/wp\/v2\/users\/4"}],"replies":[{"embeddable":true,"href":"https:\/\/uniquetools.pl\/en\/wp-json\/wp\/v2\/comments?post=15"}],"version-history":[{"count":43,"href":"https:\/\/uniquetools.pl\/en\/wp-json\/wp\/v2\/pages\/15\/revisions"}],"predecessor-version":[{"id":16096,"href":"https:\/\/uniquetools.pl\/en\/wp-json\/wp\/v2\/pages\/15\/revisions\/16096"}],"wp:attachment":[{"href":"https:\/\/uniquetools.pl\/en\/wp-json\/wp\/v2\/media?parent=15"}],"curies":[{"name":"wp","href":"https:\/\/api.w.org\/{rel}","templated":true}]}}