{"id":16067,"date":"2021-02-09T07:19:46","date_gmt":"2021-02-09T06:19:46","guid":{"rendered":"https:\/\/uniquetools.pl\/?page_id=16067"},"modified":"2021-02-11T12:25:28","modified_gmt":"2021-02-11T11:25:28","slug":"form","status":"publish","type":"page","link":"https:\/\/uniquetools.pl\/en\/zapytanie-ofertowe\/form\/","title":{"rendered":"The form has been sent"},"content":{"rendered":"<p class=\"has-text-align-center has-medium-font-size\"><strong>Thank you for using the form!<\/strong><\/p>\n\n\n\n<div class=\"wp-block-image\"><figure class=\"aligncenter size-large is-resized\"><img fetchpriority=\"high\" decoding=\"async\" src=\"https:\/\/uniquetools.pl\/wp-content\/uploads\/Koperta_all.svg\" alt=\"\" width=\"400\" height=\"331\"\/><\/figure><\/div>\n\n\n\n<p class=\"has-text-align-center has-medium-font-size\">We are currently reviewing the received documents. Our representative will contact You soon to discuss the details of Your order.<\/p>\n\n\n\n<p class=\"has-text-align-center has-medium-font-size\"><strong>Best regards!<\/strong><br>Unique Tools team<\/p>","protected":false},"excerpt":{"rendered":"<p>Dzi\u0119kujemy za skorzystanie z formularza! W\u0142a\u015bnie przegl\u0105damy otrzymane dokumenty. W najbli\u017cszym czasie skontaktuje si\u0119 z Pa\u0144stwem nasz przedstawiciel w celu om\u00f3wienia szczeg\u00f3\u0142\u00f3w realizacji Pa\u0144stwa zam\u00f3wienia. Serdecznie pozdrawiamy!Zesp\u00f3\u0142 Unique Tools<\/p>","protected":false},"author":4,"featured_media":0,"parent":262,"menu_order":0,"comment_status":"closed","ping_status":"closed","template":"page-templates\/template-fullwidth.php","meta":{"_monsterinsights_skip_tracking":false,"_monsterinsights_sitenote_active":false,"_monsterinsights_sitenote_note":"","_monsterinsights_sitenote_category":0,"footnotes":""},"class_list":["post-16067","page","type-page","status-publish","hentry"],"aioseo_notices":[],"_links":{"self":[{"href":"https:\/\/uniquetools.pl\/en\/wp-json\/wp\/v2\/pages\/16067","targetHints":{"allow":["GET"]}}],"collection":[{"href":"https:\/\/uniquetools.pl\/en\/wp-json\/wp\/v2\/pages"}],"about":[{"href":"https:\/\/uniquetools.pl\/en\/wp-json\/wp\/v2\/types\/page"}],"author":[{"embeddable":true,"href":"https:\/\/uniquetools.pl\/en\/wp-json\/wp\/v2\/users\/4"}],"replies":[{"embeddable":true,"href":"https:\/\/uniquetools.pl\/en\/wp-json\/wp\/v2\/comments?post=16067"}],"version-history":[{"count":35,"href":"https:\/\/uniquetools.pl\/en\/wp-json\/wp\/v2\/pages\/16067\/revisions"}],"predecessor-version":[{"id":16148,"href":"https:\/\/uniquetools.pl\/en\/wp-json\/wp\/v2\/pages\/16067\/revisions\/16148"}],"up":[{"embeddable":true,"href":"https:\/\/uniquetools.pl\/en\/wp-json\/wp\/v2\/pages\/262"}],"wp:attachment":[{"href":"https:\/\/uniquetools.pl\/en\/wp-json\/wp\/v2\/media?parent=16067"}],"curies":[{"name":"wp","href":"https:\/\/api.w.org\/{rel}","templated":true}]}}