{"id":262,"date":"2018-11-20T10:46:42","date_gmt":"2018-11-20T09:46:42","guid":{"rendered":"http:\/\/nowa.uniquetools.pl\/?page_id=262"},"modified":"2021-02-09T10:14:22","modified_gmt":"2021-02-09T09:14:22","slug":"zapytanie-ofertowe","status":"publish","type":"page","link":"https:\/\/uniquetools.pl\/en\/zapytanie-ofertowe\/","title":{"rendered":"Inquiry"},"content":{"rendered":"<div class=\"wp-block-columns alignwide has-3-columns is-layout-flex wp-container-core-columns-is-layout-28f84493 wp-block-columns-is-layout-flex\">\n<div class=\"wp-block-column is-layout-flow wp-block-column-is-layout-flow\">\n<div class=\"accord\">\n\t<a href=\"https:\/\/uniquetools.pl\/en\/wsparcie\/\"><span class=\"hex_st\">Standard tools<\/span><\/a>\n<\/div>\n<div class=\"drop\">&nbsp;\n<\/div>\n<\/div>\n\n\n\n<div class=\"wp-block-column is-layout-flow wp-block-column-is-layout-flow\">\n<div class=\"accord\">\n\t<a href=\"https:\/\/uniquetools.pl\/en\/wsparcie\/\"><span class=\"hex_sp\">Special tools<\/span><\/a>\n<\/div>\n<div class=\"drop\">&nbsp;\n<\/div>\n<\/div>\n\n\n\n<div class=\"wp-block-column is-layout-flow wp-block-column-is-layout-flow\">\n<div class=\"accord\">\n\t<a href=\"https:\/\/uniquetools.pl\/en\/wsparcie\/\"><span class=\"hex_sy\">Custom mounting systems<\/span><\/a>\n<\/div>\n<div class=\"drop\">&nbsp;\n<\/div>\n<\/div>\n<\/div>\n\n\n\n<p><\/p>","protected":false},"excerpt":{"rendered":"<p>Narz\u0119dzia standardowe &nbsp; Narz\u0119dzia specjalne &nbsp; Indywidualne systemy mocowa\u0144 &nbsp;<\/p>","protected":false},"author":4,"featured_media":0,"parent":0,"menu_order":0,"comment_status":"closed","ping_status":"closed","template":"","meta":{"_monsterinsights_skip_tracking":false,"_monsterinsights_sitenote_active":false,"_monsterinsights_sitenote_note":"","_monsterinsights_sitenote_category":0,"footnotes":""},"class_list":["post-262","page","type-page","status-publish","hentry"],"aioseo_notices":[],"_links":{"self":[{"href":"https:\/\/uniquetools.pl\/en\/wp-json\/wp\/v2\/pages\/262","targetHints":{"allow":["GET"]}}],"collection":[{"href":"https:\/\/uniquetools.pl\/en\/wp-json\/wp\/v2\/pages"}],"about":[{"href":"https:\/\/uniquetools.pl\/en\/wp-json\/wp\/v2\/types\/page"}],"author":[{"embeddable":true,"href":"https:\/\/uniquetools.pl\/en\/wp-json\/wp\/v2\/users\/4"}],"replies":[{"embeddable":true,"href":"https:\/\/uniquetools.pl\/en\/wp-json\/wp\/v2\/comments?post=262"}],"version-history":[{"count":26,"href":"https:\/\/uniquetools.pl\/en\/wp-json\/wp\/v2\/pages\/262\/revisions"}],"predecessor-version":[{"id":16078,"href":"https:\/\/uniquetools.pl\/en\/wp-json\/wp\/v2\/pages\/262\/revisions\/16078"}],"wp:attachment":[{"href":"https:\/\/uniquetools.pl\/en\/wp-json\/wp\/v2\/media?parent=262"}],"curies":[{"name":"wp","href":"https:\/\/api.w.org\/{rel}","templated":true}]}}