{"id":43,"date":"2018-11-15T08:59:27","date_gmt":"2018-11-15T07:59:27","guid":{"rendered":"http:\/\/nowa.uniquetools.pl\/?page_id=43"},"modified":"2019-01-17T09:11:18","modified_gmt":"2019-01-17T08:11:18","slug":"park-maszynowy","status":"publish","type":"page","link":"https:\/\/uniquetools.pl\/en\/park-maszynowy\/","title":{"rendered":"Machine Park"},"content":{"rendered":"<div class=\"wp-block-media-text alignwide is-stacked-on-mobile\"><figure class=\"wp-block-media-text__media\"><img fetchpriority=\"high\" decoding=\"async\" width=\"556\" height=\"353\" src=\"http:\/\/nowa.uniquetools.pl\/wp-content\/uploads\/2018\/11\/anca.jpg\" alt=\"\" class=\"wp-image-26\" srcset=\"https:\/\/uniquetools.pl\/wp-content\/uploads\/2018\/11\/anca.jpg 556w, https:\/\/uniquetools.pl\/wp-content\/uploads\/2018\/11\/anca-300x190.jpg 300w\" sizes=\"(max-width: 556px) 100vw, 556px\" \/><\/figure><div class=\"wp-block-media-text__content\">\n<h2 class=\"wp-block-heading\">ANCA TX7+<\/h2>\n\n\n\n<p>This machine sets the industry standards for CNC tool grinding machines. Flexible software and tools, combined with the large working space of the TX7 +, allows the production of a wide variety of complex tools.<\/p>\n\n\n\n<p><\/p>\n<\/div><\/div>\n\n\n\n<div style=\"height:50px\" aria-hidden=\"true\" class=\"wp-block-spacer\"><\/div>\n\n\n\n<div class=\"wp-block-media-text alignwide has-media-on-the-right is-stacked-on-mobile\"><figure class=\"wp-block-media-text__media\"><img decoding=\"async\" width=\"351\" height=\"303\" src=\"http:\/\/nowa.uniquetools.pl\/wp-content\/uploads\/2018\/11\/maszyna3.png\" alt=\"\" class=\"wp-image-28\" srcset=\"https:\/\/uniquetools.pl\/wp-content\/uploads\/2018\/11\/maszyna3.png 351w, https:\/\/uniquetools.pl\/wp-content\/uploads\/2018\/11\/maszyna3-300x259.png 300w\" sizes=\"(max-width: 351px) 100vw, 351px\" \/><\/figure><div class=\"wp-block-media-text__content\">\n<h2 class=\"wp-block-heading\">ZOLLER SMARTCHECK<\/h2>\n\n\n\n<p>SmartCHECK is a universal measuring device of high quality cutting tools. It allows you to check the tools economically before and after the sharpening operation.<\/p>\n<\/div><\/div>\n\n\n\n<div style=\"height:50px\" aria-hidden=\"true\" class=\"wp-block-spacer\"><\/div>\n\n\n\n<div class=\"wp-block-media-text alignwide is-stacked-on-mobile\"><figure class=\"wp-block-media-text__media\"><img decoding=\"async\" width=\"349\" height=\"281\" src=\"http:\/\/nowa.uniquetools.pl\/wp-content\/uploads\/2018\/11\/maszyna2.png\" alt=\"\" class=\"wp-image-27\" srcset=\"https:\/\/uniquetools.pl\/wp-content\/uploads\/2018\/11\/maszyna2.png 349w, https:\/\/uniquetools.pl\/wp-content\/uploads\/2018\/11\/maszyna2-300x242.png 300w\" sizes=\"(max-width: 349px) 100vw, 349px\" \/><\/figure><div class=\"wp-block-media-text__content\">\n<h2 class=\"wp-block-heading\">ANCA MX7<\/h2>\n\n\n\n<p>This powerful, versatile next generation CNC tool grinder is designed to meet the rigorous requirements of manufacturing grinding. The speed, flexibility, reliability and optimal precision of ANCA products \u2013 the MX7 combine all these features.<\/p>\n<\/div><\/div>\n\n\n\n<div style=\"height:100px\" aria-hidden=\"true\" class=\"wp-block-spacer\"><\/div>","protected":false},"excerpt":{"rendered":"<p>ANCA TX7+ Ta maszyna ustanawia bran\u017cowe standardy dla szlifierek narz\u0119dziowych CNC. Elastyczne oprogramowanie i narz\u0119dzia, w po\u0142\u0105czeniu z du\u017c\u0105 przestrzeni\u0105 robocz\u0105 maszyny TX7+ pozwala na produkcj\u0119 szerokiej gamy skomplikowanych narz\u0119dzi. ZOLLER SMARTCHECK Zoller SmartCheck to uniwersalne urz\u0105dzenie pomiarowe wysokiej klasy narz\u0119dzi skrawaj\u0105cych. Pozwala na sprawdzenie narz\u0119dzi w ekonomiczny spos\u00f3b przed [&hellip;]<\/p>\n","protected":false},"author":4,"featured_media":0,"parent":0,"menu_order":0,"comment_status":"closed","ping_status":"closed","template":"","meta":{"_monsterinsights_skip_tracking":false,"_monsterinsights_sitenote_active":false,"_monsterinsights_sitenote_note":"","_monsterinsights_sitenote_category":0,"footnotes":""},"class_list":["post-43","page","type-page","status-publish","hentry"],"aioseo_notices":[],"_links":{"self":[{"href":"https:\/\/uniquetools.pl\/en\/wp-json\/wp\/v2\/pages\/43","targetHints":{"allow":["GET"]}}],"collection":[{"href":"https:\/\/uniquetools.pl\/en\/wp-json\/wp\/v2\/pages"}],"about":[{"href":"https:\/\/uniquetools.pl\/en\/wp-json\/wp\/v2\/types\/page"}],"author":[{"embeddable":true,"href":"https:\/\/uniquetools.pl\/en\/wp-json\/wp\/v2\/users\/4"}],"replies":[{"embeddable":true,"href":"https:\/\/uniquetools.pl\/en\/wp-json\/wp\/v2\/comments?post=43"}],"version-history":[{"count":6,"href":"https:\/\/uniquetools.pl\/en\/wp-json\/wp\/v2\/pages\/43\/revisions"}],"predecessor-version":[{"id":656,"href":"https:\/\/uniquetools.pl\/en\/wp-json\/wp\/v2\/pages\/43\/revisions\/656"}],"wp:attachment":[{"href":"https:\/\/uniquetools.pl\/en\/wp-json\/wp\/v2\/media?parent=43"}],"curies":[{"name":"wp","href":"https:\/\/api.w.org\/{rel}","templated":true}]}}