{"id":400,"date":"2018-12-03T07:57:08","date_gmt":"2018-12-03T06:57:08","guid":{"rendered":"http:\/\/nowa.uniquetools.pl\/?post_type=product&#038;p=400"},"modified":"2018-12-18T07:35:39","modified_gmt":"2018-12-18T06:35:39","slug":"ut-4100","status":"publish","type":"product","link":"https:\/\/uniquetools.pl\/en\/product\/ut-4100\/","title":{"rendered":"Unique HardMill \/ UT 4100 - cutters with flat face, for hardened materials"},"content":{"rendered":"<p>The cutters have been designed for a wide range of materials and machining strategies for various industries. Advanced geometry allows the use of tools in both roughing and finishing, also using high-volume strategies like Volumill or Vortex.<\/p>\n<table cellspacing=\"0\" cellpadding=\"2\" border=\"0\">\n<tbody>\n<tr style=\"background-color: #0101;\">\n<th style=\"text-align: left;\" valign=\"middle\">Machining type<\/th>\n<th style=\"text-align: center; border-left: 1px solid; border-right: 1px solid; border-color: #0101;\" valign=\"middle\">Type of cooling<\/th>\n<th colspan=\"3\" style=\"text-align: center;\" valign=\"middle\">Type of processing<\/th>\n<\/tr>\n<tr>\n<td rowspan=\"2\"><img decoding=\"async\" src=\"\/wp-content\/uploads\/frez_boku.png\" alt=\"Frezowanie boku\" title=\"Frezowanie boku\" width=\"80px\" \/><img decoding=\"async\" src=\"\/wp-content\/uploads\/frez_rowka.png\" alt=\"Frezowanie rowka\" title=\"Frezowanie rowka\" width=\"80px\" style=\"margin: 0 40px;\" \/><img decoding=\"async\" src=\"\/wp-content\/uploads\/planowanie.png\" alt=\"Planowanie\" title=\"Planowanie\" width=\"80px\" \/><img decoding=\"async\" src=\"\/wp-content\/uploads\/frez_prom.png\" alt=\"Frezowanie promienia\" title=\"Frezowanie promienia\" width=\"80px\" style=\"margin: 0 40px;\" \/><img decoding=\"async\" src=\"\/wp-content\/uploads\/zgl_skos.png\" alt=\"Zag\u0142\u0119bienie sko\u015bne\" title=\"Zag\u0142\u0119bienie sko\u015bne\" width=\"80px\" \/><\/td>\n<td rowspan=\"2\" style=\"text-align: center; border-left: 1px solid; border-right: 1px solid; border-color: #0101;\" valign=\"middle\">MQL<img decoding=\"async\" src=\"\/wp-content\/uploads\/kropla_b.png\" alt=\"Ch\u0142odzenie emulsj\u0105 wodorozcie\u0144czaln\u0105\" title=\"Ch\u0142odzenie emulsj\u0105 wodorozcie\u0144czaln\u0105\" width=\"20px\" style=\"margin: 0 20px;\" \/>AIR<\/td>\n<td style=\"text-align: center;\" valign=\"middle\"><b>F<\/b><\/td>\n<td style=\"text-align: center; border-left: 1px solid; border-right: 1px solid; border-color: #0101;\" valign=\"middle\"><b>SF<\/b><\/td>\n<td style=\"text-align: center;\" valign=\"middle\"><b>R<\/b><\/td>\n<\/tr>\n<tr>\n<td style=\"text-align: center;\" valign=\"middle\"><b>3<\/b><\/td>\n<td style=\"text-align: center; border-left: 1px solid; border-right: 1px solid; border-color: #0101;\" valign=\"middle\"><b>2<\/b><\/td>\n<td style=\"text-align: center;\" valign=\"middle\"><b>1<\/b><\/td>\n<\/tr>\n<\/tbody>\n<\/table>\n<h6 style=\"border-bottom: 2px solid #e91e63; margin-top: 50px;\">Dimensions<\/h6>\n<div style=\"display: table; margin: 50px auto;\"><img decoding=\"async\" src=\"\/wp-content\/uploads\/UT.4100.1200_wymiary.jpg\" alt=\"UT-4100 - Wymiarowanie\" title=\"UT-4100 - Wymiarowanie\" width=\"400px\" style=\"float: left; margin: 0 50px 0 0;\" \/><img decoding=\"async\" src=\"\/wp-content\/uploads\/UT.4100.1200.jpg\" alt=\"UT-4100\" title=\"UT-4100\" width=\"200px\" style=\"float: left;\" \/><\/div>\n<table cellspacing=\"0\" cellpadding=\"2\" border=\"0\">\n<tbody>\n<tr style=\"background-color: #0101;\">\n<th style=\"text-align: left;\">UT tool index<\/th>\n<th style=\"text-align: center;\">D<\/th>\n<th style=\"text-align: center;\">d1<\/th>\n<th style=\"text-align: center;\">d2<\/th>\n<th style=\"text-align: center;\">L<\/th>\n<th style=\"text-align: center;\">l1<\/th>\n<th style=\"text-align: center;\">l2<\/th>\n<th style=\"text-align: center;\">z<\/th>\n<\/tr>\n<tr>\n<td>UT.4100.0400<\/td>\n<td style=\"text-align: center;\">4<\/td>\n<td style=\"text-align: center;\">6<\/td>\n<td style=\"text-align: center;\">3.8<\/td>\n<td style=\"text-align: center;\">55<\/td>\n<td style=\"text-align: center;\">6<\/td>\n<td style=\"text-align: center;\">10<\/td>\n<td style=\"text-align: center;\">4<\/td>\n<\/tr>\n<tr>\n<td>UT.4100.0500<\/td>\n<td style=\"text-align: center;\">5<\/td>\n<td style=\"text-align: center;\">6<\/td>\n<td style=\"text-align: center;\">4.8<\/td>\n<td style=\"text-align: center;\">55<\/td>\n<td style=\"text-align: center;\">7<\/td>\n<td style=\"text-align: center;\">13<\/td>\n<td style=\"text-align: center;\">4<\/td>\n<\/tr>\n<tr>\n<td>UT.4100.0600<\/td>\n<td style=\"text-align: center;\">6<\/td>\n<td style=\"text-align: center;\">6<\/td>\n<td style=\"text-align: center;\">5.8<\/td>\n<td style=\"text-align: center;\">55<\/td>\n<td style=\"text-align: center;\">8<\/td>\n<td style=\"text-align: center;\">15<\/td>\n<td style=\"text-align: center;\">4<\/td>\n<\/tr>\n<tr>\n<td>UT.4100.0800<\/td>\n<td style=\"text-align: center;\">8<\/td>\n<td style=\"text-align: center;\">8<\/td>\n<td style=\"text-align: center;\">7.7<\/td>\n<td style=\"text-align: center;\">65<\/td>\n<td style=\"text-align: center;\">10<\/td>\n<td style=\"text-align: center;\">20<\/td>\n<td style=\"text-align: center;\">4<\/td>\n<\/tr>\n<tr>\n<td>UT.4100.1000<\/td>\n<td style=\"text-align: center;\">10<\/td>\n<td style=\"text-align: center;\">10<\/td>\n<td style=\"text-align: center;\">9.7<\/td>\n<td style=\"text-align: center;\">82<\/td>\n<td style=\"text-align: center;\">12<\/td>\n<td style=\"text-align: center;\">25<\/td>\n<td style=\"text-align: center;\">4<\/td>\n<\/tr>\n<tr>\n<td>UT.4100.1200<\/td>\n<td style=\"text-align: center;\">12<\/td>\n<td style=\"text-align: center;\">12<\/td>\n<td style=\"text-align: center;\">11.7<\/td>\n<td style=\"text-align: center;\">82<\/td>\n<td style=\"text-align: center;\">14<\/td>\n<td style=\"text-align: center;\">28<\/td>\n<td style=\"text-align: center;\">4<\/td>\n<\/tr>\n<tr>\n<td>UT.4100.1600<\/td>\n<td style=\"text-align: center;\">16<\/td>\n<td style=\"text-align: center;\">16<\/td>\n<td style=\"text-align: center;\">15.7<\/td>\n<td style=\"text-align: center;\">110<\/td>\n<td style=\"text-align: center;\">8<\/td>\n<td style=\"text-align: center;\">32<\/td>\n<td style=\"text-align: center;\">4<\/td>\n<\/tr>\n<\/tbody>\n<\/table>\n<h6 style=\"border-bottom: 2px solid #e91e63; margin-top: 50px;\">Parameters<\/h6>\n<p>&nbsp;<\/p>\n<table cellspacing=\"0\" cellpadding=\"2\" border=\"0\" style=\"text-align: center;\">\n<tbody>\n<tr>\n<td rowspan=\"3\" style=\"transform-origin: 50% 50%; transform: rotate(270deg); border-right: 1px solid; border-color: #0101;\">Material group<\/td>\n<td colspan=\"6\" align=\"center\"><img decoding=\"async\" src=\"\/wp-content\/uploads\/GM_wym_1.jpg\" alt=\"wymiarowanie\" title=\"wymiarowanie\" width=\"200px\" \/><\/td>\n<\/tr>\n<tr>\n<td>a<sub>p<\/sub> \u2264 0.5D<\/td>\n<td style=\"border-right: 1px solid; border-color: #0101;\">a<sub>e<\/sub> \u2264 0.02D<\/td>\n<td>a<sub>p<\/sub> \u2264 0.1D<\/td>\n<td style=\"border-right: 1px solid; border-color: #0101;\">a<sub>e<\/sub> \u2264 0.03D<\/td>\n<td>a<sub>p<\/sub> \u2264 0.02D<\/td>\n<td>a<sub>e<\/sub> \u2264 0.75D<\/td>\n<\/tr>\n<tr style=\"background-color: #0101;\">\n<td>v<sub>c<\/sub><\/td>\n<td style=\"border-right: 1px solid; border-color: #0101;\">f<sub>z<\/sub>\/D<\/td>\n<td>v<sub>c<\/sub><\/td>\n<td style=\"border-right: 1px solid; border-color: #0101;\">f<sub>z<\/sub>\/D<\/td>\n<td>v<sub>c<\/sub><\/td>\n<td>f<sub>z<\/sub>\/D<\/td>\n<\/tr>\n<tr>\n<td style=\"background-color: #c7e6fa;\">P1<\/td>\n<td>180-200<\/td>\n<td style=\"border-right: 1px solid; border-color: #0101;\">0.0055<\/td>\n<td>210-230<\/td>\n<td style=\"border-right: 1px solid; border-color: #0101;\">0.0060<\/td>\n<td>160-180<\/td>\n<td>0.0045<\/td>\n<\/tr>\n<tr>\n<td style=\"background-color: #c7e6fa;\">P2<\/td>\n<td>180-200<\/td>\n<td style=\"border-right: 1px solid; border-color: #0101;\">0.0055<\/td>\n<td>210-230<\/td>\n<td style=\"border-right: 1px solid; border-color: #0101;\">0.0060<\/td>\n<td>160-180<\/td>\n<td>0..0045<\/td>\n<\/tr>\n<tr>\n<td style=\"background-color: #c7e6fa;\">P3<\/td>\n<td>150-165<\/td>\n<td style=\"border-right: 1px solid; border-color: #0101;\">0.0045<\/td>\n<td>160-180<\/td>\n<td style=\"border-right: 1px solid; border-color: #0101;\">0.0050<\/td>\n<td>140-155<\/td>\n<td>0.0035<\/td>\n<\/tr>\n<tr>\n<td style=\"background-color: #c7e6fa;\">P4<\/td>\n<td>110-130<\/td>\n<td style=\"border-right: 1px solid; border-color: #0101;\">0.0035<\/td>\n<td>120-135<\/td>\n<td style=\"border-right: 1px solid; border-color: #0101;\">0.0040<\/td>\n<td>90-120<\/td>\n<td>0.0030<\/td>\n<\/tr>\n<tr>\n<td style=\"background-color: #c7e6fa;\">P5<\/td>\n<td>125-145<\/td>\n<td style=\"border-right: 1px solid; border-color: #0101;\">0.0050<\/td>\n<td>150-165<\/td>\n<td style=\"border-right: 1px solid; border-color: #0101;\">0.0050<\/td>\n<td>120-140<\/td>\n<td>0.0040<\/td>\n<\/tr>\n<tr>\n<td style=\"background-color: #c7e6fa;\">P6<\/td>\n<td>100-120<\/td>\n<td style=\"border-right: 1px solid; border-color: #0101;\">0.0035<\/td>\n<td>115-125<\/td>\n<td style=\"border-right: 1px solid; border-color: #0101;\">0.0040<\/td>\n<td>75-95<\/td>\n<td>0.0030<\/td>\n<\/tr>\n<tr>\n<td style=\"background-color: #ececed;\">H1<\/td>\n<td>115-125<\/td>\n<td style=\"border-right: 1px solid; border-color: #0101;\">0.0045<\/td>\n<td>125-135<\/td>\n<td style=\"border-right: 1px solid; border-color: #0101;\">0.0050<\/td>\n<td>100-115<\/td>\n<td>0.0040<\/td>\n<\/tr>\n<tr>\n<td style=\"background-color: #ececed;\">H2<\/td>\n<td>90-105<\/td>\n<td style=\"border-right: 1px solid; border-color: #0101;\">0.0035<\/td>\n<td>100-115<\/td>\n<td style=\"border-right: 1px solid; border-color: #0101;\">0.0040<\/td>\n<td>80-95<\/td>\n<td>0.0030<\/td>\n<\/tr>\n<tr>\n<td style=\"background-color: #ececed;\">H3<\/td>\n<td>60-80<\/td>\n<td style=\"border-right: 1px solid; border-color: #0101;\">0.0025<\/td>\n<td>70-90<\/td>\n<td style=\"border-right: 1px solid; border-color: #0101;\">0.0030<\/td>\n<td>55-70<\/td>\n<td>0.0020<\/td>\n<\/tr>\n<\/tbody>\n<\/table>","protected":false},"excerpt":{"rendered":"<p>Frezy zaprojektowane zosta\u0142y pod k\u0105tem szerokiej gamy materia\u0142\u00f3w i strategii obr\u00f3bkowych na potrzeby r\u00f3\u017cnych ga\u0142\u0119zi przemys\u0142u. Zaawansowana geometria pozwala na zastosowanie narz\u0119dzi zar\u00f3wno w obr\u00f3bce zgrubnej i wyka\u0144czaj\u0105cej, r\u00f3wnie\u017c przy u\u017cyciu strategii wysoko wydajnych typu Volumill czy Vortex. Rodzaj obr\u00f3bki Rodzaj ch\u0142odzenia Typ obr\u00f3bki MQLAIR F SF R 3 2 [&hellip;]<\/p>\n","protected":false},"featured_media":408,"template":"","meta":{"_monsterinsights_skip_tracking":false,"_monsterinsights_sitenote_active":false,"_monsterinsights_sitenote_note":"","_monsterinsights_sitenote_category":0},"product_brand":[],"product_cat":[57],"product_tag":[],"class_list":{"0":"post-400","1":"product","2":"type-product","3":"status-publish","4":"has-post-thumbnail","6":"product_cat-frezy","8":"first","9":"instock","10":"sold-individually","11":"shipping-taxable","12":"purchasable","13":"product-type-variable"},"aioseo_notices":[],"_links":{"self":[{"href":"https:\/\/uniquetools.pl\/en\/wp-json\/wp\/v2\/product\/400","targetHints":{"allow":["GET"]}}],"collection":[{"href":"https:\/\/uniquetools.pl\/en\/wp-json\/wp\/v2\/product"}],"about":[{"href":"https:\/\/uniquetools.pl\/en\/wp-json\/wp\/v2\/types\/product"}],"wp:featuredmedia":[{"embeddable":true,"href":"https:\/\/uniquetools.pl\/en\/wp-json\/wp\/v2\/media\/408"}],"wp:attachment":[{"href":"https:\/\/uniquetools.pl\/en\/wp-json\/wp\/v2\/media?parent=400"}],"wp:term":[{"taxonomy":"product_brand","embeddable":true,"href":"https:\/\/uniquetools.pl\/en\/wp-json\/wp\/v2\/product_brand?post=400"},{"taxonomy":"product_cat","embeddable":true,"href":"https:\/\/uniquetools.pl\/en\/wp-json\/wp\/v2\/product_cat?post=400"},{"taxonomy":"product_tag","embeddable":true,"href":"https:\/\/uniquetools.pl\/en\/wp-json\/wp\/v2\/product_tag?post=400"}],"curies":[{"name":"wp","href":"https:\/\/api.w.org\/{rel}","templated":true}]}}