{"id":419,"date":"2018-12-03T08:47:50","date_gmt":"2018-12-03T07:47:50","guid":{"rendered":"http:\/\/nowa.uniquetools.pl\/?post_type=product&#038;p=419"},"modified":"2018-12-18T07:33:52","modified_gmt":"2018-12-18T06:33:52","slug":"ut-4200","status":"publish","type":"product","link":"https:\/\/uniquetools.pl\/en\/product\/ut-4200\/","title":{"rendered":"Unique HardMill \/ UT 4200 - spherical cutters, application for hardened materials"},"content":{"rendered":"<p>The cutters have been designed for a wide range of materials and machining strategies for various industries. Advanced geometry allows the use of tools in both roughing and finishing, also using high-volume strategies like Volumill or Vortex.<\/p>\n<p>&nbsp;<\/p>\n<table cellspacing=\"0\" cellpadding=\"2\" border=\"0\">\n<tbody>\n<tr style=\"background-color: #0101;\">\n<th style=\"text-align: left;\" valign=\"middle\">Machining type<\/th>\n<th style=\"text-align: center; border-left: 1px solid; border-right: 1px solid; border-color: #0101;\" valign=\"middle\">Type of cooling<\/th>\n<th colspan=\"3\" style=\"text-align: center;\" valign=\"middle\">Type of processing<\/th>\n<\/tr>\n<tr>\n<td rowspan=\"2\"><img decoding=\"async\" src=\"\/wp-content\/uploads\/obr_prof_warst.png\" alt=\"Obr\u00f3bka profilowa warstwowa\" title=\"Obr\u00f3bka profilowa warstwowa\" width=\"80px\" \/><img decoding=\"async\" src=\"\/wp-content\/uploads\/obr_kszt.png\" alt=\"Obr\u00f3bka kszta\u0142towa\" title=\"Obr\u00f3bka kszta\u0142towa\" width=\"80px\" style=\"margin: 0 40px;\" \/><img decoding=\"async\" src=\"\/wp-content\/uploads\/frez_form.png\" alt=\"Frezowanie form\" title=\"Frezowanie form\" width=\"80px\" \/><\/td>\n<td rowspan=\"2\" style=\"text-align: center; border-left: 1px solid; border-right: 1px solid; border-color: #0101;\" valign=\"middle\">MQL<img decoding=\"async\" src=\"\/wp-content\/uploads\/kropla_b.png\" alt=\"Bez ch\u0142odzenia\" title=\"Bez ch\u0142odzenia\" width=\"20px\" style=\"margin: 0 20px;\" \/>AIR<\/td>\n<td style=\"text-align: center;\" valign=\"middle\"><b>HSC<\/b><\/td>\n<td style=\"text-align: center; border-left: 1px solid; border-right: 1px solid; border-color: #0101;\" valign=\"middle\"><b>FS<\/b><\/td>\n<td style=\"text-align: center;\" valign=\"middle\"><b>R<\/b><\/td>\n<\/tr>\n<tr>\n<td style=\"text-align: center;\" valign=\"middle\"><b>3<\/b><\/td>\n<td style=\"text-align: center; border-left: 1px solid; border-right: 1px solid; border-color: #0101;\" valign=\"middle\"><b>3<\/b><\/td>\n<td style=\"text-align: center;\" valign=\"middle\"><b>2<\/b><\/td>\n<\/tr>\n<\/tbody>\n<\/table>\n<h6 style=\"border-bottom: 2px solid #e91e63; margin-top: 50px;\">Dimensions<\/h6>\n<div style=\"display: table; margin: 50px auto;\"><img decoding=\"async\" src=\"\/wp-content\/uploads\/UT.4200.1200kt_wymiary.jpg\" alt=\"UT-4200 - wymiarowanie\" title=\"UT-4200 - wymiarowanie\" width=\"400px\" style=\"float: left; margin: 0 50px 0 0;\" \/><img decoding=\"async\" src=\"\/wp-content\/uploads\/UT.4200.1200kt.jpg\" alt=\"UT-4200\" title=\"UT-4200\" width=\"200px\" style=\"float: left;\" \/><\/div>\n<table cellspacing=\"0\" cellpadding=\"2\" border=\"0\">\n<tbody>\n<tr style=\"background-color: #0101;\">\n<th>UT tool index<\/th>\n<th style=\"text-align: center;\">R<\/th>\n<th style=\"text-align: center;\">D<\/th>\n<th style=\"text-align: center;\">d1<\/th>\n<th style=\"text-align: center;\">d2<\/th>\n<th style=\"text-align: center;\">L<\/th>\n<th style=\"text-align: center;\">l1<\/th>\n<th style=\"text-align: center;\">l2<\/th>\n<th style=\"text-align: center;\">z<\/th>\n<\/tr>\n<tr>\n<td>UT.4200.0400<\/td>\n<td style=\"text-align: center;\">2<\/td>\n<td style=\"text-align: center;\">4<\/td>\n<td style=\"text-align: center;\">6<\/td>\n<td style=\"text-align: center;\">3.8<\/td>\n<td style=\"text-align: center;\">55<\/td>\n<td style=\"text-align: center;\">6<\/td>\n<td style=\"text-align: center;\">10<\/td>\n<td style=\"text-align: center;\">2<\/td>\n<\/tr>\n<tr>\n<td>UT.4200.0500<\/td>\n<td style=\"text-align: center;\">2.5<\/td>\n<td style=\"text-align: center;\">5<\/td>\n<td style=\"text-align: center;\">6<\/td>\n<td style=\"text-align: center;\">4.8<\/td>\n<td style=\"text-align: center;\">55<\/td>\n<td style=\"text-align: center;\">7<\/td>\n<td style=\"text-align: center;\">12<\/td>\n<td style=\"text-align: center;\">2<\/td>\n<\/tr>\n<tr>\n<td>UT.4200.0600<\/td>\n<td style=\"text-align: center;\">3<\/td>\n<td style=\"text-align: center;\">6<\/td>\n<td style=\"text-align: center;\">6<\/td>\n<td style=\"text-align: center;\">5.8<\/td>\n<td style=\"text-align: center;\">55<\/td>\n<td style=\"text-align: center;\">8<\/td>\n<td style=\"text-align: center;\">15<\/td>\n<td style=\"text-align: center;\">2<\/td>\n<\/tr>\n<tr>\n<td>UT.4200.0800<\/td>\n<td style=\"text-align: center;\">4<\/td>\n<td style=\"text-align: center;\">8<\/td>\n<td style=\"text-align: center;\">8<\/td>\n<td style=\"text-align: center;\">7.7<\/td>\n<td style=\"text-align: center;\">65<\/td>\n<td style=\"text-align: center;\">10<\/td>\n<td style=\"text-align: center;\">15<\/td>\n<td style=\"text-align: center;\">2<\/td>\n<\/tr>\n<tr>\n<td>UT.4200.1000<\/td>\n<td style=\"text-align: center;\">5<\/td>\n<td style=\"text-align: center;\">10<\/td>\n<td style=\"text-align: center;\">10<\/td>\n<td style=\"text-align: center;\">9.7<\/td>\n<td style=\"text-align: center;\">82<\/td>\n<td style=\"text-align: center;\">12<\/td>\n<td style=\"text-align: center;\">25<\/td>\n<td style=\"text-align: center;\">2<\/td>\n<\/tr>\n<tr>\n<td>UT.4200.1200<\/td>\n<td style=\"text-align: center;\">6<\/td>\n<td style=\"text-align: center;\">12<\/td>\n<td style=\"text-align: center;\">12<\/td>\n<td style=\"text-align: center;\">11.7<\/td>\n<td style=\"text-align: center;\">82<\/td>\n<td style=\"text-align: center;\">14<\/td>\n<td style=\"text-align: center;\">25<\/td>\n<td style=\"text-align: center;\">2<\/td>\n<\/tr>\n<tr>\n<td>UT.1200.1600<\/td>\n<td style=\"text-align: center;\">8<\/td>\n<td style=\"text-align: center;\">16<\/td>\n<td style=\"text-align: center;\">16<\/td>\n<td style=\"text-align: center;\">15.7<\/td>\n<td style=\"text-align: center;\">110<\/td>\n<td style=\"text-align: center;\">18<\/td>\n<td style=\"text-align: center;\">33<\/td>\n<td style=\"text-align: center;\">2<\/td>\n<\/tr>\n<\/tbody>\n<\/table>\n<h6 style=\"border-bottom: 2px solid #e91e63; margin-top: 50px;\">Parameters<\/h6>\n<p>&nbsp;<\/p>\n<table cellspacing=\"0\" cellpadding=\"2\" border=\"0\" style=\"text-align: center;\">\n<tbody>\n<tr>\n<td rowspan=\"4\" style=\"transform-origin: 50% 50%; transform: rotate(270deg); border-right: 1px solid; border-color: #0101;\">Material group<\/td>\n<td colspan=\"6\" align=\"center\"><img decoding=\"async\" src=\"\/wp-content\/uploads\/GM_wym_1.jpg\" alt=\"Wymiarowanie\" title=\"Wymiarowanie\" width=\"200px\" \/><\/td>\n<\/tr>\n<tr>\n<td colspan=\"2\" style=\"border-right: 1px solid; border-color: #0101;\">Zgrubna\/ P\u00f3\u0142wyka\u0144czaj\u0105ca<\/td>\n<td colspan=\"2\" style=\"border-right: 1px solid; border-color: #0101;\">P\u00f3\u0142wyka\u0144czaj\u0105ca\/ Wyka\u0144czaj\u0105ca<\/td>\n<td colspan=\"2\">Wyka\u0144czaj\u0105ca\/HSC<\/td>\n<\/tr>\n<tr>\n<td>a<sub>p<\/sub> \u2264 1D<\/td>\n<td style=\"border-right: 1px solid; border-color: #0101;\">a<sub>e<\/sub> \u2264 0.5D<\/td>\n<td>a<sub>p<\/sub> \u2264 1.5D<\/td>\n<td style=\"border-right: 1px solid; border-color: #0101;\">a<sub>e<\/sub> \u2264 0.2D<\/td>\n<td>a<sub>p<\/sub> \u2264 0.5D<\/td>\n<td>a<sub>e<\/sub> \u2264 1D<\/td>\n<\/tr>\n<tr style=\"background-color: #0101;\">\n<td>v<sub>c<\/sub><\/td>\n<td style=\"border-right: 1px solid; border-color: #0101;\">f<sub>z<\/sub>\/D<\/td>\n<td>v<sub>c<\/sub><\/td>\n<td style=\"border-right: 1px solid; border-color: #0101;\">f<sub>z<\/sub>\/D<\/td>\n<td>v<sub>c<\/sub><\/td>\n<td>f<sub>z<\/sub>\/D<\/td>\n<\/tr>\n<tr>\n<td style=\"background-color: #c7e6fa;\">P1<\/td>\n<td>180-210<\/td>\n<td style=\"border-right: 1px solid; border-color: #0101;\">0.0250<\/td>\n<td>280-320<\/td>\n<td style=\"border-right: 1px solid; border-color: #0101;\">0.0200<\/td>\n<td>375-410<\/td>\n<td>0.0115<\/td>\n<\/tr>\n<tr>\n<td style=\"background-color: #c7e6fa;\">P2<\/td>\n<td>180-210<\/td>\n<td style=\"border-right: 1px solid; border-color: #0101;\">0.0250<\/td>\n<td>280-320<\/td>\n<td style=\"border-right: 1px solid; border-color: #0101;\">0.0200<\/td>\n<td>375-410<\/td>\n<td>0.0115<\/td>\n<\/tr>\n<tr>\n<td style=\"background-color: #c7e6fa;\">P3<\/td>\n<td>160-180<\/td>\n<td style=\"border-right: 1px solid; border-color: #0101;\">0.0185<\/td>\n<td>265-280<\/td>\n<td style=\"border-right: 1px solid; border-color: #0101;\">0.0180<\/td>\n<td>320-340<\/td>\n<td>0.0100<\/td>\n<\/tr>\n<tr>\n<td style=\"background-color: #c7e6fa;\">P4<\/td>\n<td>130-160<\/td>\n<td style=\"border-right: 1px solid; border-color: #0101;\">0.0155<\/td>\n<td>200-250<\/td>\n<td style=\"border-right: 1px solid; border-color: #0101;\">0.0150<\/td>\n<td>250-280<\/td>\n<td>0.0080<\/td>\n<\/tr>\n<tr>\n<td style=\"background-color: #c7e6fa;\">P5<\/td>\n<td>175-190<\/td>\n<td style=\"border-right: 1px solid; border-color: #0101;\">0.0185<\/td>\n<td>265-280<\/td>\n<td style=\"border-right: 1px solid; border-color: #0101;\">0.0180<\/td>\n<td>330-360<\/td>\n<td>0.0100<\/td>\n<\/tr>\n<tr>\n<td style=\"background-color: #c7e6fa;\">P6<\/td>\n<td>130-150<\/td>\n<td style=\"border-right: 1px solid; border-color: #0101;\">0.0155<\/td>\n<td>180-220<\/td>\n<td style=\"border-right: 1px solid; border-color: #0101;\">0.0150<\/td>\n<td>235-265<\/td>\n<td>0.0080<\/td>\n<\/tr>\n<tr>\n<td style=\"background-color: #ececed;\">H1<\/td>\n<td>155-175<\/td>\n<td style=\"border-right: 1px solid; border-color: #0101;\">0.0180<\/td>\n<td>220-250<\/td>\n<td style=\"border-right: 1px solid; border-color: #0101;\">0.0175<\/td>\n<td>310-350<\/td>\n<td>0.0085<\/td>\n<\/tr>\n<tr>\n<td style=\"background-color: #ececed;\">H2<\/td>\n<td>130-160<\/td>\n<td style=\"border-right: 1px solid; border-color: #0101;\">0.0165<\/td>\n<td>185-205<\/td>\n<td style=\"border-right: 1px solid; border-color: #0101;\">0.0160<\/td>\n<td>285-320<\/td>\n<td>0.0070<\/td>\n<\/tr>\n<tr>\n<td style=\"background-color: #ececed;\">H3<\/td>\n<td>125-150<\/td>\n<td style=\"border-right: 1px solid; border-color: #0101;\">0.0155<\/td>\n<td>175-195<\/td>\n<td style=\"border-right: 1px solid; border-color: #0101;\">0.0150<\/td>\n<td>255-295<\/td>\n<td>0.0065<\/td>\n<\/tr>\n<\/tbody>\n<\/table>","protected":false},"excerpt":{"rendered":"<p>Frezy zaprojektowane zosta\u0142y pod k\u0105tem szerokiej gamy materia\u0142\u00f3w i strategii obr\u00f3bkowych na potrzeby r\u00f3\u017cnych ga\u0142\u0119zi przemys\u0142u. Zaawansowana geometria pozwala na zastosowanie narz\u0119dzi zar\u00f3wno w obr\u00f3bce zgrubnej i wyka\u0144czaj\u0105cej, r\u00f3wnie\u017c przy u\u017cyciu strategii wysoko wydajnych typu Volumill czy Vortex. &nbsp; Rodzaj obr\u00f3bki Rodzaj ch\u0142odzenia Typ obr\u00f3bki MQLAIR HSC FS R 3 [&hellip;]<\/p>\n","protected":false},"featured_media":427,"template":"","meta":{"_monsterinsights_skip_tracking":false,"_monsterinsights_sitenote_active":false,"_monsterinsights_sitenote_note":"","_monsterinsights_sitenote_category":0},"product_brand":[],"product_cat":[57],"product_tag":[],"class_list":{"0":"post-419","1":"product","2":"type-product","3":"status-publish","4":"has-post-thumbnail","6":"product_cat-frezy","8":"first","9":"instock","10":"sold-individually","11":"shipping-taxable","12":"purchasable","13":"product-type-variable"},"aioseo_notices":[],"_links":{"self":[{"href":"https:\/\/uniquetools.pl\/en\/wp-json\/wp\/v2\/product\/419","targetHints":{"allow":["GET"]}}],"collection":[{"href":"https:\/\/uniquetools.pl\/en\/wp-json\/wp\/v2\/product"}],"about":[{"href":"https:\/\/uniquetools.pl\/en\/wp-json\/wp\/v2\/types\/product"}],"wp:featuredmedia":[{"embeddable":true,"href":"https:\/\/uniquetools.pl\/en\/wp-json\/wp\/v2\/media\/427"}],"wp:attachment":[{"href":"https:\/\/uniquetools.pl\/en\/wp-json\/wp\/v2\/media?parent=419"}],"wp:term":[{"taxonomy":"product_brand","embeddable":true,"href":"https:\/\/uniquetools.pl\/en\/wp-json\/wp\/v2\/product_brand?post=419"},{"taxonomy":"product_cat","embeddable":true,"href":"https:\/\/uniquetools.pl\/en\/wp-json\/wp\/v2\/product_cat?post=419"},{"taxonomy":"product_tag","embeddable":true,"href":"https:\/\/uniquetools.pl\/en\/wp-json\/wp\/v2\/product_tag?post=419"}],"curies":[{"name":"wp","href":"https:\/\/api.w.org\/{rel}","templated":true}]}}