{"id":428,"date":"2018-12-03T08:52:11","date_gmt":"2018-12-03T07:52:11","guid":{"rendered":"http:\/\/nowa.uniquetools.pl\/?post_type=product&#038;p=428"},"modified":"2018-12-18T07:33:16","modified_gmt":"2018-12-18T06:33:16","slug":"ut-1300","status":"publish","type":"product","link":"https:\/\/uniquetools.pl\/en\/product\/ut-1300\/","title":{"rendered":"Unique Mill \/ UT 1300 - radial cutters, universal application"},"content":{"rendered":"<p>The cutters have been designed for a wide range of materials and machining strategies for various industries. Advanced geometry allows the use of tools in both roughing and finishing, also using high-volume strategies like Volumill or Vortex.<\/p>\n<p>&nbsp;<\/p>\n<table cellspacing=\"0\" cellpadding=\"2\" border=\"0\">\n<tbody>\n<tr style=\"background-color: #0101;\">\n<th style=\"text-align: left;\" valign=\"middle\">Machining type<\/th>\n<th style=\"text-align: center; border-left: 1px solid; border-right: 1px solid; border-color: #0101;\" valign=\"middle\">Type of cooling<\/th>\n<th colspan=\"3\" style=\"text-align: center;\" valign=\"middle\">Type of processing<\/th>\n<\/tr>\n<tr>\n<td rowspan=\"2\"><img decoding=\"async\" src=\"\/wp-content\/uploads\/frez_boku.png\" alt=\"Frezowanie boku\" title=\"Frezowanie boku\" width=\"80px\" \/><img decoding=\"async\" src=\"\/wp-content\/uploads\/frez_rowka.png\" alt=\"Frezowanie rowka\" title=\"Frezowanie rowka\" width=\"80px\" style=\"margin: 0 35px;\" \/><img decoding=\"async\" src=\"\/wp-content\/uploads\/planowanie.png\" alt=\"Planowanie\" title=\"Planowanie\" width=\"80px\" \/><img decoding=\"async\" src=\"\/wp-content\/uploads\/frez_form.png\" alt=\"Frezowanie form\" title=\"Frezowanie form\" width=\"80px\" style=\"margin: 0 35px;\" \/><img decoding=\"async\" src=\"\/wp-content\/uploads\/obr_kszt.png\" alt=\"Obr\u00f3bka kszta\u0142towa\" title=\"Obr\u00f3bka kszta\u0142towa\" width=\"80px\" \/><img decoding=\"async\" src=\"\/wp-content\/uploads\/obr_prof_warst.png\" alt=\"Obr\u00f3bka profilowa warstwowa\" title=\"Obr\u00f3bka profilowa warstwowa\" width=\"80px\" style=\"margin: 0 35px;\" \/><img decoding=\"async\" src=\"\/wp-content\/uploads\/zgl_skos.png\" alt=\"Zag\u0142\u0119bienie sko\u015bne\" title=\"Zag\u0142\u0119bienie sko\u015bne\" width=\"80px\" \/><\/td>\n<td rowspan=\"2\" style=\"text-align: center; border-left: 1px solid; border-right: 1px solid; border-color: #0101;\" valign=\"middle\">MQL<img decoding=\"async\" src=\"\/wp-content\/uploads\/kropla.png\" alt=\"Ch\u0142odzenie emulsj\u0105 wodorozcie\u0144czaln\u0105\" title=\"Ch\u0142odzenie emulsj\u0105 wodorozcie\u0144czaln\u0105\" width=\"20px\" style=\"margin: 0 10px;\" \/>AIR<\/td>\n<td style=\"text-align: center;\" valign=\"middle\"><b>F<\/b><\/td>\n<td style=\"text-align: center; border-left: 1px solid; border-right: 1px solid; border-color: #0101;\" valign=\"middle\"><b>FS<\/b><\/td>\n<td style=\"text-align: center;\" valign=\"middle\"><b>R<\/b><\/td>\n<\/tr>\n<tr>\n<td style=\"text-align: center;\" valign=\"middle\"><b>2<\/b><\/td>\n<td style=\"text-align: center; border-left: 1px solid; border-right: 1px solid; border-color: #0101;\" valign=\"middle\"><b>2<\/b><\/td>\n<td style=\"text-align: center;\" valign=\"middle\"><b>2<\/b><\/td>\n<\/tr>\n<\/tbody>\n<\/table>\n<h6 style=\"border-bottom: 2px solid #e91e63; margin-top: 50px;\">Dimensions<\/h6>\n<div style=\"display: table; margin: 50px auto;\"><img decoding=\"async\" src=\"\/wp-content\/uploads\/UT.1300.1210_WYMIARY.jpg\" alt=\"UT-1300 - wymiarowanie\" title=\"UT-1300 - wymiarowanie\" width=\"400px\" style=\"float: left; margin: 0 50px 0 0;\" \/><img decoding=\"async\" src=\"\/wp-content\/uploads\/UT.1300.1210.jpg\" alt=\"UT-1300\" title=\"UT-1300\" width=\"200px\" style=\"float: left;\" \/><\/div>\n<table cellspacing=\"0\" cellpadding=\"2\" border=\"0\">\n<tbody>\n<tr style=\"background-color: #0101;\">\n<th>UT tool index<\/th>\n<th style=\"text-align: center;\">R<\/th>\n<th style=\"text-align: center;\">D<\/th>\n<th style=\"text-align: center;\">d1<\/th>\n<th style=\"text-align: center;\">L<\/th>\n<th style=\"text-align: center;\">l1<\/th>\n<th style=\"text-align: center;\">z<\/th>\n<\/tr>\n<tr>\n<td>UT.1300.0405<\/td>\n<td style=\"text-align: center;\">0.5<\/td>\n<td style=\"text-align: center;\">4<\/td>\n<td style=\"text-align: center;\">6<\/td>\n<td style=\"text-align: center;\">55<\/td>\n<td style=\"text-align: center;\">9<\/td>\n<td style=\"text-align: center;\">4<\/td>\n<\/tr>\n<tr>\n<td>UT.1300.0410<\/td>\n<td style=\"text-align: center;\">1<\/td>\n<td style=\"text-align: center;\">4<\/td>\n<td style=\"text-align: center;\">6<\/td>\n<td style=\"text-align: center;\">55<\/td>\n<td style=\"text-align: center;\">9<\/td>\n<td style=\"text-align: center;\">4<\/td>\n<\/tr>\n<tr>\n<td>UT.1300.0505<\/td>\n<td style=\"text-align: center;\">0.5<\/td>\n<td style=\"text-align: center;\">5<\/td>\n<td style=\"text-align: center;\">6<\/td>\n<td style=\"text-align: center;\">55<\/td>\n<td style=\"text-align: center;\">11<\/td>\n<td style=\"text-align: center;\">4<\/td>\n<\/tr>\n<tr>\n<td>UT.1300.0510<\/td>\n<td style=\"text-align: center;\">1<\/td>\n<td style=\"text-align: center;\">5<\/td>\n<td style=\"text-align: center;\">6<\/td>\n<td style=\"text-align: center;\">55<\/td>\n<td style=\"text-align: center;\">11<\/td>\n<td style=\"text-align: center;\">4<\/td>\n<\/tr>\n<tr>\n<td>UT.1300.0605<\/td>\n<td style=\"text-align: center;\">0.5<\/td>\n<td style=\"text-align: center;\">6<\/td>\n<td style=\"text-align: center;\">6<\/td>\n<td style=\"text-align: center;\">55<\/td>\n<td style=\"text-align: center;\">13<\/td>\n<td style=\"text-align: center;\">4<\/td>\n<\/tr>\n<tr>\n<td>UT.1300.0610<\/td>\n<td style=\"text-align: center;\">1<\/td>\n<td style=\"text-align: center;\">6<\/td>\n<td style=\"text-align: center;\">6<\/td>\n<td style=\"text-align: center;\">55<\/td>\n<td style=\"text-align: center;\">13<\/td>\n<td style=\"text-align: center;\">4<\/td>\n<\/tr>\n<tr>\n<td>UT.1300.0805<\/td>\n<td style=\"text-align: center;\">0.5<\/td>\n<td style=\"text-align: center;\">8<\/td>\n<td style=\"text-align: center;\">8<\/td>\n<td style=\"text-align: center;\">65<\/td>\n<td style=\"text-align: center;\">17<\/td>\n<td style=\"text-align: center;\">4<\/td>\n<\/tr>\n<tr>\n<td>UT.1300.0810<\/td>\n<td style=\"text-align: center;\">1<\/td>\n<td style=\"text-align: center;\">8<\/td>\n<td style=\"text-align: center;\">8<\/td>\n<td style=\"text-align: center;\">65<\/td>\n<td style=\"text-align: center;\">17<\/td>\n<td style=\"text-align: center;\">4<\/td>\n<\/tr>\n<tr>\n<td>UT.1300.1005<\/td>\n<td style=\"text-align: center;\">0.5<\/td>\n<td style=\"text-align: center;\">10<\/td>\n<td style=\"text-align: center;\">10<\/td>\n<td style=\"text-align: center;\">82<\/td>\n<td style=\"text-align: center;\">21<\/td>\n<td style=\"text-align: center;\">4<\/td>\n<\/tr>\n<tr>\n<td>UT.1300.1010<\/td>\n<td style=\"text-align: center;\">1<\/td>\n<td style=\"text-align: center;\">10<\/td>\n<td style=\"text-align: center;\">10<\/td>\n<td style=\"text-align: center;\">82<\/td>\n<td style=\"text-align: center;\">21<\/td>\n<td style=\"text-align: center;\">4<\/td>\n<\/tr>\n<tr>\n<td>UT.1300.1205<\/td>\n<td style=\"text-align: center;\">0.5<\/td>\n<td style=\"text-align: center;\">12<\/td>\n<td style=\"text-align: center;\">12<\/td>\n<td style=\"text-align: center;\">82<\/td>\n<td style=\"text-align: center;\">25<\/td>\n<td style=\"text-align: center;\">4<\/td>\n<\/tr>\n<tr>\n<td>UT.1300.1210<\/td>\n<td style=\"text-align: center;\">1<\/td>\n<td style=\"text-align: center;\">12<\/td>\n<td style=\"text-align: center;\">12<\/td>\n<td style=\"text-align: center;\">82<\/td>\n<td style=\"text-align: center;\">25<\/td>\n<td style=\"text-align: center;\">4<\/td>\n<\/tr>\n<tr>\n<td>UT.1300.1605<\/td>\n<td style=\"text-align: center;\">0.5<\/td>\n<td style=\"text-align: center;\">16<\/td>\n<td style=\"text-align: center;\">16<\/td>\n<td style=\"text-align: center;\">110<\/td>\n<td style=\"text-align: center;\">33<\/td>\n<td style=\"text-align: center;\">4<\/td>\n<\/tr>\n<tr>\n<td>UT.1300.1610<\/td>\n<td style=\"text-align: center;\">1<\/td>\n<td style=\"text-align: center;\">16<\/td>\n<td style=\"text-align: center;\">16<\/td>\n<td style=\"text-align: center;\">110<\/td>\n<td style=\"text-align: center;\">33<\/td>\n<td style=\"text-align: center;\">4<\/td>\n<\/tr>\n<\/tbody>\n<\/table>\n<h6 style=\"border-bottom: 2px solid #e91e63; margin-top: 50px;\">Parameters<\/h6>\n<table cellspacing=\"0\" cellpadding=\"2\" border=\"0\" style=\"text-align: center;\">\n<tbody>\n<tr>\n<td rowspan=\"3\" style=\"transform-origin: 50% 50%; transform: rotate(270deg);\">Material group<\/td>\n<td colspan=\"4\" align=\"center\"><img decoding=\"async\" src=\"\/wp-content\/uploads\/GM_wym_1.jpg\" alt=\"Wymiarowanie\" title=\"wymiarowanie\" width=\"200px\" \/><\/td>\n<td colspan=\"4\" align=\"center\"><img decoding=\"async\" src=\"\/wp-content\/uploads\/GM_wym_2.jpg\" alt=\"Wymiarowanie\" title=\"wymiarowanie\" width=\"200px\" \/><\/td>\n<\/tr>\n<tr>\n<td>a<sub>p<\/sub> \u2264 0.03D<\/td>\n<td>a<sub>e<\/sub> \u2264 0.03D<\/td>\n<td>a<sub>p<\/sub> \u2264 1.5D<\/td>\n<td>a<sub>e<\/sub> \u2264 0.2D<\/td>\n<td>a<sub>p<\/sub> \u2264 0.5D<\/td>\n<td>a<sub>e<\/sub> \u2264 1D<\/td>\n<td>a<sub>p<\/sub> \u2264 0.1D<\/td>\n<td>a<sub>e<\/sub> \u2264 1D<\/td>\n<\/tr>\n<tr style=\"background-color: #0101;\">\n<td>v<sub>c<\/sub><\/td>\n<td>f<sub>z<\/sub>\/D<\/td>\n<td>v<sub>c<\/sub><\/td>\n<td>f<sub>z<\/sub>\/D<\/td>\n<td>v<sub>c<\/sub><\/td>\n<td>f<sub>z<\/sub>\/D<\/td>\n<td>v<sub>c<\/sub><\/td>\n<td>f<sub>z<\/sub>\/D<\/td>\n<\/tr>\n<tr>\n<td style=\"background-color: #c7e6fa;\">P1<\/td>\n<td>85-105<\/td>\n<td>0.0030<\/td>\n<td>130-150<\/td>\n<td>0.0040<\/td>\n<td>70-90<\/td>\n<td>0.0020<\/td>\n<td>90-110<\/td>\n<td>0.0033<\/td>\n<\/tr>\n<tr>\n<td style=\"background-color: #c7e6fa;\">P2<\/td>\n<td>105-135<\/td>\n<td>0.0045<\/td>\n<td>100-125<\/td>\n<td>0.0035<\/td>\n<td>70-90<\/td>\n<td>0.0020<\/td>\n<td>90-110<\/td>\n<td>0.0033<\/td>\n<\/tr>\n<tr>\n<td style=\"background-color: #c7e6fa;\">P3<\/td>\n<td>100-115<\/td>\n<td>0.0035<\/td>\n<td>95-110<\/td>\n<td>0.0032<\/td>\n<td>60-80<\/td>\n<td>0.0020<\/td>\n<td>70-80<\/td>\n<td>0.0030<\/td>\n<\/tr>\n<tr>\n<td style=\"background-color: #c7e6fa;\">P4<\/td>\n<td>90-110<\/td>\n<td>0.0035<\/td>\n<td>85-95<\/td>\n<td>0.0030<\/td>\n<td>50-70<\/td>\n<td>0.0020<\/td>\n<td>50-65<\/td>\n<td>0.0025<\/td>\n<\/tr>\n<tr>\n<td style=\"background-color: #c7e6fa;\">P5<\/td>\n<td>90-100<\/td>\n<td>0.0030<\/td>\n<td>85-105<\/td>\n<td>0.0032<\/td>\n<td>55-75<\/td>\n<td>0.0020<\/td>\n<td>70-65<\/td>\n<td>0.0030<\/td>\n<\/tr>\n<tr>\n<td style=\"background-color: #c7e6fa;\">P6<\/td>\n<td>90-100<\/td>\n<td>0.0030<\/td>\n<td>85-95<\/td>\n<td>0.0030<\/td>\n<td>50-70<\/td>\n<td>0.0020<\/td>\n<td>50-65<\/td>\n<td>0.0025<\/td>\n<\/tr>\n<tr>\n<td style=\"background-color: #ececed;\">H1<\/td>\n<td>90-100<\/td>\n<td>0.0030<\/td>\n<td>85-100<\/td>\n<td>0.0030<\/td>\n<td>55-75<\/td>\n<td>0.0020<\/td>\n<td>65-85<\/td>\n<td>0.0025<\/td>\n<\/tr>\n<tr>\n<td style=\"background-color: #fff9b8;\">M1<\/td>\n<td>95-105<\/td>\n<td>0.0040<\/td>\n<td>70-90<\/td>\n<td>0.0035<\/td>\n<td>35-40<\/td>\n<td>0.0020<\/td>\n<td>55-65<\/td>\n<td>0.0025<\/td>\n<\/tr>\n<tr>\n<td style=\"background-color: #f16770;\">K1<\/td>\n<td>110-130<\/td>\n<td>0.0045<\/td>\n<td>100-120<\/td>\n<td>0.0040<\/td>\n<td>50-60<\/td>\n<td>0.0020<\/td>\n<td>90-110<\/td>\n<td>0.0030<\/td>\n<\/tr>\n<tr>\n<td style=\"background-color: #d1e39b;\">N1<\/td>\n<td>100-130<\/td>\n<td>0.0030<\/td>\n<td>140-180<\/td>\n<td>0.0040<\/td>\n<td>75-100<\/td>\n<td>0.0028<\/td>\n<td>120-140<\/td>\n<td>0.0035<\/td>\n<\/tr>\n<tr>\n<td style=\"background-color: #d1e39b;\">N2<\/td>\n<td>130-160<\/td>\n<td>0.0035<\/td>\n<td>130-155<\/td>\n<td>0.0035<\/td>\n<td>60-80<\/td>\n<td>0.0025<\/td>\n<td>100-120<\/td>\n<td>0.0032<\/td>\n<\/tr>\n<tr>\n<td style=\"background-color: #d1e39b;\">N3<\/td>\n<td>125-150<\/td>\n<td>0.0035<\/td>\n<td>120-145<\/td>\n<td>0.0032<\/td>\n<td>55-75<\/td>\n<td>0.0025<\/td>\n<td>90-110<\/td>\n<td>0.0032<\/td>\n<\/tr>\n<tr>\n<td style=\"background-color: #d1e39b;\">N4<\/td>\n<td>80-100<\/td>\n<td>0.0035<\/td>\n<td>70-85<\/td>\n<td>0.0028<\/td>\n<td>35-45<\/td>\n<td>0.0022<\/td>\n<td>60-80<\/td>\n<td>0.0025<\/td>\n<\/tr>\n<\/tbody>\n<\/table>","protected":false},"excerpt":{"rendered":"<p>Frezy zaprojektowane zosta\u0142y pod k\u0105tem szerokiej gamy materia\u0142\u00f3w i strategii obr\u00f3bkowych na potrzeby r\u00f3\u017cnych ga\u0142\u0119zi przemys\u0142u. Zaawansowana geometria pozwala na zastosowanie narz\u0119dzi zar\u00f3wno w obr\u00f3bce zgrubnej i wyka\u0144czaj\u0105cej, r\u00f3wnie\u017c przy u\u017cyciu strategii wysoko wydajnych typu Volumill czy Vortex. &nbsp; Rodzaj obr\u00f3bki Rodzaj ch\u0142odzenia Typ obr\u00f3bki MQLAIR F FS R 2 [&hellip;]<\/p>\n","protected":false},"featured_media":436,"template":"","meta":{"_monsterinsights_skip_tracking":false,"_monsterinsights_sitenote_active":false,"_monsterinsights_sitenote_note":"","_monsterinsights_sitenote_category":0},"product_brand":[],"product_cat":[57],"product_tag":[],"class_list":{"0":"post-428","1":"product","2":"type-product","3":"status-publish","4":"has-post-thumbnail","6":"product_cat-frezy","8":"first","9":"instock","10":"sold-individually","11":"shipping-taxable","12":"purchasable","13":"product-type-variable"},"aioseo_notices":[],"_links":{"self":[{"href":"https:\/\/uniquetools.pl\/en\/wp-json\/wp\/v2\/product\/428","targetHints":{"allow":["GET"]}}],"collection":[{"href":"https:\/\/uniquetools.pl\/en\/wp-json\/wp\/v2\/product"}],"about":[{"href":"https:\/\/uniquetools.pl\/en\/wp-json\/wp\/v2\/types\/product"}],"wp:featuredmedia":[{"embeddable":true,"href":"https:\/\/uniquetools.pl\/en\/wp-json\/wp\/v2\/media\/436"}],"wp:attachment":[{"href":"https:\/\/uniquetools.pl\/en\/wp-json\/wp\/v2\/media?parent=428"}],"wp:term":[{"taxonomy":"product_brand","embeddable":true,"href":"https:\/\/uniquetools.pl\/en\/wp-json\/wp\/v2\/product_brand?post=428"},{"taxonomy":"product_cat","embeddable":true,"href":"https:\/\/uniquetools.pl\/en\/wp-json\/wp\/v2\/product_cat?post=428"},{"taxonomy":"product_tag","embeddable":true,"href":"https:\/\/uniquetools.pl\/en\/wp-json\/wp\/v2\/product_tag?post=428"}],"curies":[{"name":"wp","href":"https:\/\/api.w.org\/{rel}","templated":true}]}}